{"id":936,"date":"2020-08-29T12:29:34","date_gmt":"2020-08-29T10:29:34","guid":{"rendered":"https:\/\/events-cm.com\/services-events\/"},"modified":"2023-02-11T17:31:21","modified_gmt":"2023-02-11T16:31:21","slug":"sluzby","status":"publish","type":"page","link":"https:\/\/events-cm.com\/cs\/sluzby\/","title":{"rendered":"Slu\u017eby"},"content":{"rendered":"<p>[et_pb_section fb_built=&#8220;1&#8243; fullwidth=&#8220;on&#8220; _builder_version=&#8220;4.16&#8243; da_disable_devices=&#8220;off|off|off&#8220; global_colors_info=&#8220;{}&#8220; da_is_popup=&#8220;off&#8220; da_exit_intent=&#8220;off&#8220; da_has_close=&#8220;on&#8220; da_alt_close=&#8220;off&#8220; da_dark_close=&#8220;off&#8220; da_not_modal=&#8220;on&#8220; da_is_singular=&#8220;off&#8220; da_with_loader=&#8220;off&#8220; da_has_shadow=&#8220;on&#8220;][et_pb_fullwidth_post_title meta=&#8220;off&#8220; featured_image=&#8220;off&#8220; text_color=&#8220;light&#8220; _builder_version=&#8220;4.16&#8243; title_font=&#8220;|800|||||||&#8220; title_font_size=&#8220;52px&#8220; background_color=&#8220;rgba(224,153,0,0.31)&#8220; background_image=&#8220;http:\/\/events-cm.com\/wp-content\/uploads\/2020\/10\/Nimes-travelling-in-south-of-France.jpg&#8220; text_orientation=&#8220;center&#8220; custom_padding=&#8220;||60px|&#8220; z_index_tablet=&#8220;500&#8243; title_text_shadow_horizontal_length_tablet=&#8220;0px&#8220; title_text_shadow_vertical_length_tablet=&#8220;0px&#8220; title_text_shadow_blur_strength_tablet=&#8220;1px&#8220; meta_text_shadow_horizontal_length_tablet=&#8220;0px&#8220; meta_text_shadow_vertical_length_tablet=&#8220;0px&#8220; meta_text_shadow_blur_strength_tablet=&#8220;1px&#8220; box_shadow_horizontal_tablet=&#8220;0px&#8220; box_shadow_vertical_tablet=&#8220;0px&#8220; box_shadow_blur_tablet=&#8220;40px&#8220; box_shadow_spread_tablet=&#8220;0px&#8220; text_shadow_style=&#8220;preset3&#8243; text_shadow_blur_strength_tablet=&#8220;1px&#8220; global_colors_info=&#8220;{}&#8220;][\/et_pb_fullwidth_post_title][\/et_pb_section][et_pb_section fb_built=&#8220;1&#8243; _builder_version=&#8220;4.16&#8243; da_disable_devices=&#8220;off|off|off&#8220; global_colors_info=&#8220;{}&#8220; da_is_popup=&#8220;off&#8220; da_exit_intent=&#8220;off&#8220; da_has_close=&#8220;on&#8220; da_alt_close=&#8220;off&#8220; da_dark_close=&#8220;off&#8220; da_not_modal=&#8220;on&#8220; da_is_singular=&#8220;off&#8220; da_with_loader=&#8220;off&#8220; da_has_shadow=&#8220;on&#8220;][et_pb_row _builder_version=&#8220;4.16&#8243; _module_preset=&#8220;default&#8220; custom_margin=&#8220;40px||40px||false|false&#8220; global_colors_info=&#8220;{}&#8220;][et_pb_column type=&#8220;4_4&#8243; _builder_version=&#8220;4.16&#8243; _module_preset=&#8220;default&#8220; global_colors_info=&#8220;{}&#8220;][et_pb_text admin_label=&#8220;Tourisme d\u2019affaires&#8220; _builder_version=&#8220;4.19.5&#8243; _module_preset=&#8220;default&#8220; global_colors_info=&#8220;{}&#8220;]<\/p>\n<h1>MICE<\/h1>\n<p>MICE (Meetings, Incentives, Conferencing, Exhibitions), kter\u00fd slou\u017e\u00ed k pos\u00edlen\u00ed obrazu spole\u010dnosti, odm\u011bn\u011b sv\u00fdch t\u00fdm\u016f nebo udr\u017een\u00ed loajality sv\u00fdch z\u00e1kazn\u00edk\u016f, je specifick\u00fd sektor, kter\u00fd vy\u017eaduje zvl\u00e1\u0161tn\u00ed pozornost a pe\u010dlivost. D\u00edky nekonven\u010dn\u00edmu uva\u017eov\u00e1n\u00ed a p\u0159ekra\u010dov\u00e1n\u00ed klasick\u00fdch program\u016f a v\u017edy s nejnov\u011bj\u0161\u00edmi trendy v nab\u00edzen\u00fdch destinac\u00edch, jsou v\u0161echny m\u00e9 programy na m\u00edru a jedine\u010dn\u00e9 v souladu s filozofi\u00ed spole\u010dnosti.<\/p>\n<p>[\/et_pb_text][et_pb_portfolio fullwidth=&#8220;off&#8220; include_categories=&#8220;17&#8243; admin_label=&#8220;3 projets MICE&#8220; _builder_version=&#8220;4.19.4&#8243; _module_preset=&#8220;default&#8220; global_colors_info=&#8220;{}&#8220;][\/et_pb_portfolio][\/et_pb_column][\/et_pb_row][et_pb_row _builder_version=&#8220;4.16&#8243; _module_preset=&#8220;default&#8220; custom_margin=&#8220;40px||0px||false|false&#8220; custom_padding=&#8220;40px||0px||false|false&#8220; border_width_top=&#8220;1px&#8220; border_color_top=&#8220;#e0a767&#8243; border_style_top=&#8220;dotted&#8220; global_colors_info=&#8220;{}&#8220;][et_pb_column type=&#8220;4_4&#8243; _builder_version=&#8220;4.16&#8243; _module_preset=&#8220;default&#8220; global_colors_info=&#8220;{}&#8220;][et_pb_text admin_label=&#8220;Wedding planner-R\u00e9publique Tch\u00e8que&#8220; _builder_version=&#8220;4.19.5&#8243; _module_preset=&#8220;default&#8220; global_colors_info=&#8220;{}&#8220;]<\/p>\n<h1>Wedding planner &#8211; \u010cesk\u00e1 republika<\/h1>\n<p>\u010cesk\u00e1 republika je destinac\u00ed  velmi \u017e\u00e1danou a kouzelnou pro mlad\u00e9 p\u00e1ry. A proto je obl\u00edben\u00fdm mistem pro svatby v  cel\u00e9 Evrop\u011b. Jej\u00ed architektura, kr\u00e1sn\u00e1 krajina, nepo\u010d\u00edtan\u00e9 z\u00e1mky p\u0159isp\u00edvaj\u00ed k jeh\u00ed pov\u011bsti. A\u0165 u\u017e se jedn\u00e1 o organizaci va\u0161\u00ed svatby na m\u00edru, obnovu svatebn\u00edch slib\u016f nebo jen koordinaci va\u0161\u00ed zvl\u00e1\u0161tn\u00edho dne, budeme v\u00e1s prov\u00e1zet jednotliv\u00fdmi kroky, abyste si tyto kr\u00e1snou dobrodru\u017estv\u00ed mohli u\u017e\u00edt s v\u011bt\u0161\u00edm klidem. Vyu\u017e\u00edt slu\u017eeb svatebn\u00edho pl\u00e1nova\u010de je p\u0159edev\u0161\u00edm z\u00edsk\u00e1n\u00ed \u010dasu, cenn\u00e1 pomoc p\u0159i u\u010din\u011bn\u00ed va\u0161\u00ed p\u0159\u00edpravy p\u0159\u00edjemn\u00fdm a bez stresu! Podle va\u0161ich p\u0159\u00e1n\u00ed a pot\u0159eb si m\u016f\u017eete voln\u011b vybrat jednu z n\u00ed\u017ee uveden\u00fdch nab\u00eddek. Prvn\u00ed konzultace je zcela zdarma abychom se poznali a stanovili va\u0161e o\u010dek\u00e1v\u00e1n\u00ed.[\/et_pb_text][et_pb_text admin_label=&#8220;Packages&#8220; _builder_version=&#8220;4.19.5&#8243; _module_preset=&#8220;default&#8220; global_colors_info=&#8220;{}&#8220;]<\/p>\n<h2 style=\"text-align: center;\">Packages<\/h2>\n<p>[\/et_pb_text][\/et_pb_column][\/et_pb_row][et_pb_row column_structure=&#8220;1_5,1_5,1_5,1_5,1_5&#8243; use_custom_gutter=&#8220;on&#8220; gutter_width=&#8220;2&#8243; make_equal=&#8220;on&#8220; module_id=&#8220;packages&#8220; _builder_version=&#8220;4.16&#8243; _module_preset=&#8220;default&#8220; custom_margin=&#8220;||40px||false|false&#8220; global_colors_info=&#8220;{}&#8220;][et_pb_column type=&#8220;1_5&#8243; _builder_version=&#8220;4.16&#8243; _module_preset=&#8220;default&#8220; global_colors_info=&#8220;{}&#8220;][\/et_pb_column][et_pb_column type=&#8220;1_5&#8243; _builder_version=&#8220;4.16&#8243; _module_preset=&#8220;default&#8220; global_colors_info=&#8220;{}&#8220;][et_pb_text admin_label=&#8220;Full package*&#8220; _builder_version=&#8220;4.19.5&#8243; _module_preset=&#8220;default&#8220; text_text_color=&#8220;#FFFFFF&#8220; background_image=&#8220;https:\/\/events-cm.com\/wp-content\/uploads\/2021\/07\/packages-photo-1.jpg&#8220; text_orientation=&#8220;center&#8220; background_layout=&#8220;dark&#8220; link_option_url=&#8220;#forfait-illimite&#8220; global_colors_info=&#8220;{}&#8220;]<\/p>\n<p><strong>Kompletn\u00ed organizace svatby<\/strong><\/p>\n<p>[\/et_pb_text][\/et_pb_column][et_pb_column type=&#8220;1_5&#8243; _builder_version=&#8220;4.16&#8243; _module_preset=&#8220;default&#8220; global_colors_info=&#8220;{}&#8220;][et_pb_text admin_label=&#8220;Limited package&#8220; _builder_version=&#8220;4.19.5&#8243; _module_preset=&#8220;default&#8220; text_text_color=&#8220;#FFFFFF&#8220; background_image=&#8220;https:\/\/events-cm.com\/wp-content\/uploads\/2021\/07\/packages-photo-3.jpg&#8220; text_orientation=&#8220;center&#8220; background_layout=&#8220;dark&#8220; link_option_url=&#8220;#forfait-limite&#8220; global_colors_info=&#8220;{}&#8220;]<\/p>\n<p><strong>Koordinace svatebn\u00edho dne<\/strong><\/p>\n<p>[\/et_pb_text][\/et_pb_column][et_pb_column type=&#8220;1_5&#8243; _builder_version=&#8220;4.16&#8243; _module_preset=&#8220;default&#8220; global_colors_info=&#8220;{}&#8220;][et_pb_text admin_label=&#8220;Consulting&#8220; _builder_version=&#8220;4.19.5&#8243; _module_preset=&#8220;default&#8220; text_text_color=&#8220;#FFFFFF&#8220; background_image=&#8220;https:\/\/events-cm.com\/wp-content\/uploads\/2021\/07\/packages-photo-2.jpg&#8220; text_orientation=&#8220;center&#8220; background_layout=&#8220;dark&#8220; link_option_url=&#8220;#consulting&#8220; global_colors_info=&#8220;{}&#8220;]<\/p>\n<p><strong>Svatebn\u00ed poradna<\/strong><\/p>\n<p>[\/et_pb_text][\/et_pb_column][et_pb_column type=&#8220;1_5&#8243; _builder_version=&#8220;4.16&#8243; _module_preset=&#8220;default&#8220; global_colors_info=&#8220;{}&#8220;][\/et_pb_column][\/et_pb_row][et_pb_row _builder_version=&#8220;4.16&#8243; _module_preset=&#8220;default&#8220; custom_margin=&#8220;40px||40px||false|false&#8220; custom_padding=&#8220;40px||||false|false&#8220; border_width_top=&#8220;1px&#8220; border_color_top=&#8220;#e0a767&#8243; border_style_top=&#8220;dotted&#8220; global_colors_info=&#8220;{}&#8220;][et_pb_column type=&#8220;4_4&#8243; _builder_version=&#8220;4.16&#8243; _module_preset=&#8220;default&#8220; global_colors_info=&#8220;{}&#8220;][et_pb_text admin_label=&#8220;Customer care&#8220; _builder_version=&#8220;4.19.5&#8243; _module_preset=&#8220;default&#8220; hover_enabled=&#8220;0&#8243; global_colors_info=&#8220;{}&#8220; sticky_enabled=&#8220;0&#8243;]<\/p>\n<h1>CRM\/Z\u00e1kaznick\u00e1 zku\u0161enost<\/h1>\n<p>Zajistit kvalitn\u00ed zku\u0161enost zakazn\u00edk\u016fm  je priorita pro v\u0161echny spole\u010dnosti. V\u0161echny m\u00e9 zku\u0161enosti, a\u0165 u\u017e v hotelnictv\u00ed nebo ve vztaz\u00edch se z\u00e1kazn\u00edky, maj\u00ed jedno spole\u010dn\u00e9: d\u016fle\u017eitost z\u00e1kaznick\u00e9 zku\u0161enosti. To je n\u011bkdy st\u00e1le p\u0159ehl\u00ed\u017eeno: naslouchat sv\u00fdm z\u00e1kazn\u00edk\u016fm, v\u017edy jim nab\u00edzet \u0159e\u0161en\u00ed p\u0159izp\u016fsoben\u00e1 jejich pot\u0159eb\u00e1m, m\u00edt \u00fa\u010dinn\u00fd podp\u016frn\u00fd servis s c\u00edlem nav\u00e1zat vztah d\u016fv\u011bry.<\/p>\n<p>Co mohu ud\u011blat pro jakoukoli spole\u010dnost:<\/p>\n<ul>\n<li><strong>Sb\u011br a spr\u00e1va dat<\/strong><\/li>\n<li><strong>Optimalizace vztah\u016f se z\u00e1kazn\u00edky.<\/strong><\/li>\n<li>V\u00fdb\u011br nov\u00fdch strategick\u00fdch os<\/li>\n<li>V\u011brnost z\u00e1kazn\u00edk\u016f<\/li>\n<li>Zajistit, aby va\u0161e zna\u010dka byla identifikovateln\u00e1 ve v\u0161ech kan\u00e1lech<\/li>\n<li>Kontrola kvality v r\u00e1mci va\u0161ich t\u00fdm\u016f<\/li>\n<li><strong>Slu\u017eby z\u00e1kazn\u00edk\u016fm s p\u0159idanou hodnotou<\/strong><\/li>\n<li><strong>Zv\u00fd\u0161it svou produktivitu<\/strong><\/li>\n<\/ul>\n<p>[\/et_pb_text][et_pb_button button_url=&#8220;http:\/\/events-cm.com\/en\/programs-projects\/&#8220; button_text=&#8220;Projects&#8220; admin_label=&#8220;Bouton %22Projects%22&#8243; _builder_version=&#8220;4.19.4&#8243; _module_preset=&#8220;default&#8220; global_colors_info=&#8220;{}&#8220;][\/et_pb_button][\/et_pb_column][\/et_pb_row][\/et_pb_section][et_pb_section fb_built=&#8220;1&#8243; admin_label=&#8220;Popup &#8211; #forfait-illimite&#8220; module_id=&#8220;forfait-illimite&#8220; module_class=&#8220;popup is-modal&#8220; _builder_version=&#8220;4.16&#8243; _module_preset=&#8220;default&#8220; da_is_popup=&#8220;on&#8220; da_popup_slug=&#8220;forfait-illimite&#8220; da_not_modal=&#8220;off&#8220; da_disable_devices=&#8220;off|off|off&#8220; global_colors_info=&#8220;{}&#8220; da_exit_intent=&#8220;off&#8220; da_has_close=&#8220;on&#8220; da_alt_close=&#8220;off&#8220; da_dark_close=&#8220;off&#8220; da_is_singular=&#8220;off&#8220; da_with_loader=&#8220;off&#8220; da_has_shadow=&#8220;on&#8220;][et_pb_row _builder_version=&#8220;4.16&#8243; _module_preset=&#8220;default&#8220; global_colors_info=&#8220;{}&#8220;][et_pb_column type=&#8220;4_4&#8243; _builder_version=&#8220;4.16&#8243; _module_preset=&#8220;default&#8220; global_colors_info=&#8220;{}&#8220;][et_pb_text admin_label=&#8220;Full package\/tailor-made&#8220; _builder_version=&#8220;4.19.5&#8243; _module_preset=&#8220;default&#8220; global_colors_info=&#8220;{}&#8220;]<\/p>\n<h3 style=\"text-align: left;\">Kompletn\u00ed organizace svatby<\/h3>\n<p style=\"text-align: left;\">Nejlep\u0161\u00ed volba pro svatbu bez stresu!<\/p>\n<ul style=\"text-align: left;\">\n<li>Neomezen\u00fd po\u010det sch\u016fzek.<\/li>\n<li>Vyhled\u00e1n\u00ed a nab\u00eddka dodavatel\u016f podle va\u0161eho rozpo\u010dtu.<\/li>\n<li>V\u00fdb\u011br ubytov\u00e1n\u00ed pro va\u0161e hosty.<\/li>\n<li>Zpracov\u00e1n\u00ed \u017e\u00e1dost\u00ed od dodavatel\u016f a doprovod p\u0159i n\u00e1v\u0161t\u011bv\u00e1ch na m\u00edst\u011b.<\/li>\n<li>Sledov\u00e1n\u00ed a spr\u00e1va rozpo\u010dtu.<\/li>\n<li>Individu\u00e1ln\u00ed sledov\u00e1n\u00ed a poradenstv\u00ed.<\/li>\n<li>Koordinace svatebn\u00edho dne.<\/li>\n<\/ul>\n<p><strong>Podpora od za\u010d\u00e1tku a\u017e do va\u0161eho v\u00fdjime\u010dn\u00e9ho dne!<\/strong><\/p>\n<p>[\/et_pb_text][\/et_pb_column][\/et_pb_row][\/et_pb_section][et_pb_section fb_built=&#8220;1&#8243; admin_label=&#8220;Popup &#8211; #forfait-limite&#8220; module_id=&#8220;forfait-limite&#8220; module_class=&#8220;popup is-modal&#8220; _builder_version=&#8220;4.16&#8243; _module_preset=&#8220;default&#8220; da_is_popup=&#8220;on&#8220; da_popup_slug=&#8220;forfait-limite&#8220; da_not_modal=&#8220;off&#8220; da_disable_devices=&#8220;off|off|off&#8220; global_colors_info=&#8220;{}&#8220; da_exit_intent=&#8220;off&#8220; da_has_close=&#8220;on&#8220; da_alt_close=&#8220;off&#8220; da_dark_close=&#8220;off&#8220; da_is_singular=&#8220;off&#8220; da_with_loader=&#8220;off&#8220; da_has_shadow=&#8220;on&#8220;][et_pb_row _builder_version=&#8220;4.16&#8243; _module_preset=&#8220;default&#8220; global_colors_info=&#8220;{}&#8220;][et_pb_column type=&#8220;4_4&#8243; _builder_version=&#8220;4.16&#8243; _module_preset=&#8220;default&#8220; global_colors_info=&#8220;{}&#8220;][et_pb_text admin_label=&#8220;Limited package&#8220; _builder_version=&#8220;4.19.5&#8243; _module_preset=&#8220;default&#8220; global_colors_info=&#8220;{}&#8220;]<\/p>\n<h3 style=\"text-align: left;\">Koordinace svatebn\u00edho dne<\/h3>\n<ul>\n<li style=\"text-align: left;\">P\u0159edb\u011b\u017en\u00e1 konzultace p\u0159ed dnem D pro spole\u010dnou kontrolu zp\u011btn\u00e9ho pl\u00e1nov\u00e1n\u00ed a dolad\u011bn\u00ed posledn\u00edch detail\u016f.<\/li>\n<li style=\"text-align: left;\">Koordinace ve svatebn\u00ed den.<\/li>\n<\/ul>\n<p>[\/et_pb_text][\/et_pb_column][\/et_pb_row][\/et_pb_section][et_pb_section fb_built=&#8220;1&#8243; admin_label=&#8220;Popup &#8211; #consulting&#8220; module_id=&#8220;consulting&#8220; module_class=&#8220;popup is-modal&#8220; _builder_version=&#8220;4.16&#8243; _module_preset=&#8220;default&#8220; da_is_popup=&#8220;on&#8220; da_popup_slug=&#8220;consulting&#8220; da_not_modal=&#8220;off&#8220; da_disable_devices=&#8220;off|off|off&#8220; global_colors_info=&#8220;{}&#8220; da_exit_intent=&#8220;off&#8220; da_has_close=&#8220;on&#8220; da_alt_close=&#8220;off&#8220; da_dark_close=&#8220;off&#8220; da_is_singular=&#8220;off&#8220; da_with_loader=&#8220;off&#8220; da_has_shadow=&#8220;on&#8220;][et_pb_row _builder_version=&#8220;4.16&#8243; _module_preset=&#8220;default&#8220; global_colors_info=&#8220;{}&#8220;][et_pb_column type=&#8220;4_4&#8243; _builder_version=&#8220;4.16&#8243; _module_preset=&#8220;default&#8220; global_colors_info=&#8220;{}&#8220;][et_pb_text admin_label=&#8220;Consulting&#8220; _builder_version=&#8220;4.19.5&#8243; _module_preset=&#8220;default&#8220; global_colors_info=&#8220;{}&#8220;]<\/p>\n<h3 style=\"text-align: left;\">Svatebn\u00ed poradna<\/h3>\n<ul>\n<li style=\"text-align: left;\">Brainstorming.<\/li>\n<li style=\"text-align: left;\">Rady a tipy k organizaci svatby.<\/li>\n<li style=\"text-align: left;\">Tento bal\u00ed\u010dek lze upravit podle va\u0161ich pot\u0159eb.<\/li>\n<\/ul>\n<p>[\/et_pb_text][\/et_pb_column][\/et_pb_row][\/et_pb_section]<\/p>\n","protected":false},"excerpt":{"rendered":"<p>MICE MICE (Meetings, Incentives, Conferencing, Exhibitions), kter\u00fd slou\u017e\u00ed k pos\u00edlen\u00ed obrazu spole\u010dnosti, odm\u011bn\u011b sv\u00fdch t\u00fdm\u016f nebo udr\u017een\u00ed loajality sv\u00fdch z\u00e1kazn\u00edk\u016f, je specifick\u00fd sektor, kter\u00fd vy\u017eaduje zvl\u00e1\u0161tn\u00ed pozornost a pe\u010dlivost. D\u00edky nekonven\u010dn\u00edmu uva\u017eov\u00e1n\u00ed a p\u0159ekra\u010dov\u00e1n\u00ed klasick\u00fdch program\u016f a v\u017edy s nejnov\u011bj\u0161\u00edmi trendy v nab\u00edzen\u00fdch destinac\u00edch, jsou v\u0161echny m\u00e9 programy na m\u00edru a jedine\u010dn\u00e9 v souladu s [&hellip;]<\/p>\n","protected":false},"author":1,"featured_media":0,"parent":0,"menu_order":0,"comment_status":"closed","ping_status":"closed","template":"","meta":{"_et_pb_use_builder":"on","_et_pb_old_content":"<!-- wp:divi\/placeholder \/-->","_et_gb_content_width":"","footnotes":""},"class_list":["post-936","page","type-page","status-publish","hentry"],"yoast_head":"<!-- This site is optimized with the Yoast SEO plugin v27.5 - https:\/\/yoast.com\/product\/yoast-seo-wordpress\/ -->\n<title>Slu\u017eby - Events CM, freelance services for DMC and out-going agencies<\/title>\n<meta name=\"robots\" content=\"index, follow, max-snippet:-1, max-image-preview:large, max-video-preview:-1\" \/>\n<link rel=\"canonical\" href=\"https:\/\/events-cm.com\/cs\/sluzby\/\" \/>\n<meta property=\"og:locale\" content=\"cs_CZ\" \/>\n<meta property=\"og:type\" content=\"article\" \/>\n<meta property=\"og:title\" content=\"Slu\u017eby - Events CM, freelance services for DMC and out-going agencies\" \/>\n<meta property=\"og:description\" content=\"MICE MICE (Meetings, Incentives, Conferencing, Exhibitions), kter\u00fd slou\u017e\u00ed k pos\u00edlen\u00ed obrazu spole\u010dnosti, odm\u011bn\u011b sv\u00fdch t\u00fdm\u016f nebo udr\u017een\u00ed loajality sv\u00fdch z\u00e1kazn\u00edk\u016f, je specifick\u00fd sektor, kter\u00fd vy\u017eaduje zvl\u00e1\u0161tn\u00ed pozornost a pe\u010dlivost. D\u00edky nekonven\u010dn\u00edmu uva\u017eov\u00e1n\u00ed a p\u0159ekra\u010dov\u00e1n\u00ed klasick\u00fdch program\u016f a v\u017edy s nejnov\u011bj\u0161\u00edmi trendy v nab\u00edzen\u00fdch destinac\u00edch, jsou v\u0161echny m\u00e9 programy na m\u00edru a jedine\u010dn\u00e9 v souladu s [&hellip;]\" \/>\n<meta property=\"og:url\" content=\"https:\/\/events-cm.com\/cs\/sluzby\/\" \/>\n<meta property=\"og:site_name\" content=\"Events CM, freelance services for DMC and out-going agencies\" \/>\n<meta property=\"article:modified_time\" content=\"2023-02-11T16:31:21+00:00\" \/>\n<meta name=\"twitter:card\" content=\"summary_large_image\" \/>\n<meta name=\"twitter:label1\" content=\"Odhadovan\u00e1 doba \u010dten\u00ed\" \/>\n\t<meta name=\"twitter:data1\" content=\"4 minuty\" \/>\n<script type=\"application\/ld+json\" class=\"yoast-schema-graph\">{\"@context\":\"https:\\\/\\\/schema.org\",\"@graph\":[{\"@type\":\"WebPage\",\"@id\":\"https:\\\/\\\/events-cm.com\\\/cs\\\/sluzby\\\/\",\"url\":\"https:\\\/\\\/events-cm.com\\\/cs\\\/sluzby\\\/\",\"name\":\"Slu\u017eby - Events CM, freelance services for DMC and out-going agencies\",\"isPartOf\":{\"@id\":\"https:\\\/\\\/events-cm.com\\\/cs\\\/#website\"},\"datePublished\":\"2020-08-29T10:29:34+00:00\",\"dateModified\":\"2023-02-11T16:31:21+00:00\",\"breadcrumb\":{\"@id\":\"https:\\\/\\\/events-cm.com\\\/cs\\\/sluzby\\\/#breadcrumb\"},\"inLanguage\":\"cs\",\"potentialAction\":[{\"@type\":\"ReadAction\",\"target\":[\"https:\\\/\\\/events-cm.com\\\/cs\\\/sluzby\\\/\"]}]},{\"@type\":\"BreadcrumbList\",\"@id\":\"https:\\\/\\\/events-cm.com\\\/cs\\\/sluzby\\\/#breadcrumb\",\"itemListElement\":[{\"@type\":\"ListItem\",\"position\":1,\"name\":\"Accueil\",\"item\":\"https:\\\/\\\/events-cm.com\\\/cs\\\/\"},{\"@type\":\"ListItem\",\"position\":2,\"name\":\"Slu\u017eby\"}]},{\"@type\":\"WebSite\",\"@id\":\"https:\\\/\\\/events-cm.com\\\/cs\\\/#website\",\"url\":\"https:\\\/\\\/events-cm.com\\\/cs\\\/\",\"name\":\"Events CM, freelance services for DMC and out-going agencies\",\"description\":\"The value-added to your projects - France and Czech Republic\",\"potentialAction\":[{\"@type\":\"SearchAction\",\"target\":{\"@type\":\"EntryPoint\",\"urlTemplate\":\"https:\\\/\\\/events-cm.com\\\/cs\\\/?s={search_term_string}\"},\"query-input\":{\"@type\":\"PropertyValueSpecification\",\"valueRequired\":true,\"valueName\":\"search_term_string\"}}],\"inLanguage\":\"cs\"}]}<\/script>\n<!-- \/ Yoast SEO plugin. -->","yoast_head_json":{"title":"Slu\u017eby - Events CM, freelance services for DMC and out-going agencies","robots":{"index":"index","follow":"follow","max-snippet":"max-snippet:-1","max-image-preview":"max-image-preview:large","max-video-preview":"max-video-preview:-1"},"canonical":"https:\/\/events-cm.com\/cs\/sluzby\/","og_locale":"cs_CZ","og_type":"article","og_title":"Slu\u017eby - Events CM, freelance services for DMC and out-going agencies","og_description":"MICE MICE (Meetings, Incentives, Conferencing, Exhibitions), kter\u00fd slou\u017e\u00ed k pos\u00edlen\u00ed obrazu spole\u010dnosti, odm\u011bn\u011b sv\u00fdch t\u00fdm\u016f nebo udr\u017een\u00ed loajality sv\u00fdch z\u00e1kazn\u00edk\u016f, je specifick\u00fd sektor, kter\u00fd vy\u017eaduje zvl\u00e1\u0161tn\u00ed pozornost a pe\u010dlivost. D\u00edky nekonven\u010dn\u00edmu uva\u017eov\u00e1n\u00ed a p\u0159ekra\u010dov\u00e1n\u00ed klasick\u00fdch program\u016f a v\u017edy s nejnov\u011bj\u0161\u00edmi trendy v nab\u00edzen\u00fdch destinac\u00edch, jsou v\u0161echny m\u00e9 programy na m\u00edru a jedine\u010dn\u00e9 v souladu s [&hellip;]","og_url":"https:\/\/events-cm.com\/cs\/sluzby\/","og_site_name":"Events CM, freelance services for DMC and out-going agencies","article_modified_time":"2023-02-11T16:31:21+00:00","twitter_card":"summary_large_image","twitter_misc":{"Odhadovan\u00e1 doba \u010dten\u00ed":"4 minuty"},"schema":{"@context":"https:\/\/schema.org","@graph":[{"@type":"WebPage","@id":"https:\/\/events-cm.com\/cs\/sluzby\/","url":"https:\/\/events-cm.com\/cs\/sluzby\/","name":"Slu\u017eby - Events CM, freelance services for DMC and out-going agencies","isPartOf":{"@id":"https:\/\/events-cm.com\/cs\/#website"},"datePublished":"2020-08-29T10:29:34+00:00","dateModified":"2023-02-11T16:31:21+00:00","breadcrumb":{"@id":"https:\/\/events-cm.com\/cs\/sluzby\/#breadcrumb"},"inLanguage":"cs","potentialAction":[{"@type":"ReadAction","target":["https:\/\/events-cm.com\/cs\/sluzby\/"]}]},{"@type":"BreadcrumbList","@id":"https:\/\/events-cm.com\/cs\/sluzby\/#breadcrumb","itemListElement":[{"@type":"ListItem","position":1,"name":"Accueil","item":"https:\/\/events-cm.com\/cs\/"},{"@type":"ListItem","position":2,"name":"Slu\u017eby"}]},{"@type":"WebSite","@id":"https:\/\/events-cm.com\/cs\/#website","url":"https:\/\/events-cm.com\/cs\/","name":"Events CM, freelance services for DMC and out-going agencies","description":"The value-added to your projects - France and Czech Republic","potentialAction":[{"@type":"SearchAction","target":{"@type":"EntryPoint","urlTemplate":"https:\/\/events-cm.com\/cs\/?s={search_term_string}"},"query-input":{"@type":"PropertyValueSpecification","valueRequired":true,"valueName":"search_term_string"}}],"inLanguage":"cs"}]}},"_links":{"self":[{"href":"https:\/\/events-cm.com\/cs\/wp-json\/wp\/v2\/pages\/936","targetHints":{"allow":["GET"]}}],"collection":[{"href":"https:\/\/events-cm.com\/cs\/wp-json\/wp\/v2\/pages"}],"about":[{"href":"https:\/\/events-cm.com\/cs\/wp-json\/wp\/v2\/types\/page"}],"author":[{"embeddable":true,"href":"https:\/\/events-cm.com\/cs\/wp-json\/wp\/v2\/users\/1"}],"replies":[{"embeddable":true,"href":"https:\/\/events-cm.com\/cs\/wp-json\/wp\/v2\/comments?post=936"}],"version-history":[{"count":5,"href":"https:\/\/events-cm.com\/cs\/wp-json\/wp\/v2\/pages\/936\/revisions"}],"predecessor-version":[{"id":977,"href":"https:\/\/events-cm.com\/cs\/wp-json\/wp\/v2\/pages\/936\/revisions\/977"}],"wp:attachment":[{"href":"https:\/\/events-cm.com\/cs\/wp-json\/wp\/v2\/media?parent=936"}],"curies":[{"name":"wp","href":"https:\/\/api.w.org\/{rel}","templated":true}]}}